{"id":27757,"date":"2020-12-28T21:48:02","date_gmt":"2020-12-28T18:48:02","guid":{"rendered":"http:\/\/yeni.dataanalist.com\/?page_id=27757"},"modified":"2021-08-18T10:00:30","modified_gmt":"2021-08-18T07:00:30","slug":"uretimden-veri-toplama","status":"publish","type":"page","link":"https:\/\/yeni.dataanalist.com\/?page_id=27757","title":{"rendered":"\u00dcretimden Veri Toplama"},"content":{"rendered":"\t\t<div data-elementor-type=\"wp-page\" data-elementor-id=\"27757\" class=\"elementor elementor-27757\">\n\t\t\t\t\t\t<section class=\"elementor-section elementor-top-section elementor-element elementor-element-79adc34 elementor-section-content-middle elementor-section-stretched elementor-section-boxed elementor-section-height-default elementor-section-height-default\" data-id=\"79adc34\" data-element_type=\"section\" data-settings=\"{&quot;background_background&quot;:&quot;classic&quot;,&quot;stretch_section&quot;:&quot;section-stretched&quot;}\">\n\t\t\t\t\t\t\t<div class=\"elementor-background-overlay\"><\/div>\n\t\t\t\t\t\t\t<div class=\"elementor-container elementor-column-gap-no\">\n\t\t\t\t\t<div class=\"elementor-column elementor-col-100 elementor-top-column elementor-element elementor-element-e22cfd2\" data-id=\"e22cfd2\" data-element_type=\"column\">\n\t\t\t<div class=\"elementor-widget-wrap elementor-element-populated\">\n\t\t\t\t\t\t<div class=\"elementor-element elementor-element-155ba11 elementor-widget elementor-widget-heading\" data-id=\"155ba11\" data-element_type=\"widget\" data-widget_type=\"heading.default\">\n\t\t\t\t<div class=\"elementor-widget-container\">\n\t\t\t\t\t<h4 class=\"elementor-heading-title elementor-size-default\">\u00dcretimden Veri Toplama<\/h4>\t\t\t\t<\/div>\n\t\t\t\t<\/div>\n\t\t\t\t\t<\/div>\n\t\t<\/div>\n\t\t\t\t\t<\/div>\n\t\t<\/section>\n\t\t\t\t<section class=\"elementor-section elementor-top-section elementor-element elementor-element-9ce9fae elementor-section-content-middle elementor-section-boxed elementor-section-height-default elementor-section-height-default\" data-id=\"9ce9fae\" data-element_type=\"section\">\n\t\t\t\t\t\t<div class=\"elementor-container elementor-column-gap-no\">\n\t\t\t\t\t<div class=\"elementor-column elementor-col-100 elementor-top-column elementor-element elementor-element-5d08402\" data-id=\"5d08402\" data-element_type=\"column\">\n\t\t\t<div class=\"elementor-widget-wrap elementor-element-populated\">\n\t\t\t\t\t\t<section class=\"elementor-section elementor-inner-section elementor-element elementor-element-dfdb963 elementor-section-content-middle elementor-section-boxed elementor-section-height-default elementor-section-height-default\" data-id=\"dfdb963\" data-element_type=\"section\">\n\t\t\t\t\t\t<div class=\"elementor-container elementor-column-gap-no\">\n\t\t\t\t\t<div class=\"elementor-column elementor-col-100 elementor-inner-column elementor-element elementor-element-d9192cb\" data-id=\"d9192cb\" data-element_type=\"column\">\n\t\t\t<div class=\"elementor-widget-wrap elementor-element-populated\">\n\t\t\t\t\t\t<div class=\"elementor-element elementor-element-4e235c9 elementor-widget elementor-widget-heading\" data-id=\"4e235c9\" data-element_type=\"widget\" data-widget_type=\"heading.default\">\n\t\t\t\t<div class=\"elementor-widget-container\">\n\t\t\t\t\t<h4 class=\"elementor-heading-title elementor-size-default\">\u00dcretimden Veri Toplama Nedir?<\/h4>\t\t\t\t<\/div>\n\t\t\t\t<\/div>\n\t\t\t\t<div class=\"elementor-element elementor-element-cb8ae4b elementor-widget-divider--view-line elementor-widget elementor-widget-divider\" data-id=\"cb8ae4b\" data-element_type=\"widget\" data-widget_type=\"divider.default\">\n\t\t\t\t<div class=\"elementor-widget-container\">\n\t\t\t\t\t\t\t<div class=\"elementor-divider\">\n\t\t\t<span class=\"elementor-divider-separator\">\n\t\t\t\t\t\t<\/span>\n\t\t<\/div>\n\t\t\t\t\t\t<\/div>\n\t\t\t\t<\/div>\n\t\t\t\t<div class=\"elementor-element elementor-element-50992fa elementor-widget elementor-widget-text-editor\" data-id=\"50992fa\" data-element_type=\"widget\" data-widget_type=\"text-editor.default\">\n\t\t\t\t<div class=\"elementor-widget-container\">\n\t\t\t\t\t\t\t\t\t<p>DataAnalist \u00dcretimden Veri Toplama Sistemi ile \u00fcretim sahas\u0131n\u0131 kontrol alt\u0131nda tutabilir, hangi makinelerin \u00e7al\u0131\u015ft\u0131\u011f\u0131n\u0131, hangi makinelerin durdu\u011funu anl\u0131k g\u00f6rebilir, hangi \u00fcr\u00fcn\u00fcn \u00fcretildi\u011fini, \u00fcretim parametrelerini ve de\u011ferlerini ger\u00e7ek zamanl\u0131 izleyebilirsiniz.<\/p><ul><li>Makinelerin anl\u0131k durumunun izlenebilmesi,<\/li><li>\u00dcretim fire miktar\u0131n\u0131n ve nedenlerinin toplanmas\u0131,<\/li><li>\u00dcretim s\u00fcrelerinin ger\u00e7ek zamanl\u0131 takibi,<\/li><li>Duru\u015f zamanlar\u0131, duru\u015f tipleri ve duru\u015f sebeplerinin detayl\u0131 olarak g\u00f6r\u00fclebilmesi,<\/li><li>Personel \u00e7al\u0131\u015fma s\u00fcre ve veriminin takibi,<\/li><li>Makinelerde anl\u0131k olarak \u00e7al\u0131\u015fan \u00fcr\u00fcnlerin bilgileri, \u00fcretim miktarlar\u0131 vb. her t\u00fcrl\u00fc bilgi detayl\u0131 olarak toplan\u0131r ve denetiminize sunulur.<\/li><\/ul>\t\t\t\t\t\t\t\t<\/div>\n\t\t\t\t<\/div>\n\t\t\t\t\t<\/div>\n\t\t<\/div>\n\t\t\t\t\t<\/div>\n\t\t<\/section>\n\t\t\t\t<section class=\"elementor-section elementor-inner-section elementor-element elementor-element-b6608e8 elementor-section-content-middle elementor-section-boxed elementor-section-height-default elementor-section-height-default\" data-id=\"b6608e8\" data-element_type=\"section\">\n\t\t\t\t\t\t<div class=\"elementor-container elementor-column-gap-no\">\n\t\t\t\t\t<div class=\"elementor-column elementor-col-100 elementor-inner-column elementor-element elementor-element-15788a8\" data-id=\"15788a8\" data-element_type=\"column\">\n\t\t\t<div class=\"elementor-widget-wrap elementor-element-populated\">\n\t\t\t\t\t\t<div class=\"elementor-element elementor-element-96f8146 elementor-widget elementor-widget-heading\" data-id=\"96f8146\" data-element_type=\"widget\" data-widget_type=\"heading.default\">\n\t\t\t\t<div class=\"elementor-widget-container\">\n\t\t\t\t\t<h4 class=\"elementor-heading-title elementor-size-default\">Onl\u0131ne \u00c7al\u0131\u015fma<\/h4>\t\t\t\t<\/div>\n\t\t\t\t<\/div>\n\t\t\t\t<div class=\"elementor-element elementor-element-fba3b4f elementor-widget-divider--view-line elementor-widget elementor-widget-divider\" data-id=\"fba3b4f\" data-element_type=\"widget\" data-widget_type=\"divider.default\">\n\t\t\t\t<div class=\"elementor-widget-container\">\n\t\t\t\t\t\t\t<div class=\"elementor-divider\">\n\t\t\t<span class=\"elementor-divider-separator\">\n\t\t\t\t\t\t<\/span>\n\t\t<\/div>\n\t\t\t\t\t\t<\/div>\n\t\t\t\t<\/div>\n\t\t\t\t<div class=\"elementor-element elementor-element-3c4288a elementor-widget elementor-widget-text-editor\" data-id=\"3c4288a\" data-element_type=\"widget\" data-widget_type=\"text-editor.default\">\n\t\t\t\t<div class=\"elementor-widget-container\">\n\t\t\t\t\t\t\t\t\t<p>\u00dcretim ba\u015flang\u0131c\u0131n\u0131n, \u00fcretim biti\u015finin, duru\u015f bildirimlerinin, duru\u015f s\u00fcrelerinin ve makine alarmlar\u0131n\u0131n makinelerden direkt veri okunarak al\u0131nmas\u0131 en sa\u011fl\u0131kl\u0131 ve kesin y\u00f6ntemdir. Verilerin bu \u015fekilde al\u0131nmas\u0131, operat\u00f6r giri\u015flerinde ya\u015fanabilecek yanl\u0131\u015fl\u0131klar\u0131 \u00f6nledi\u011fi gibi \u00fcretimin an\u0131nda izlenebilmesini de m\u00fcmk\u00fcn k\u0131lar.\u00a0<br \/><span style=\"font-family: var( --e-global-typography-text-font-family ), Sans-serif; word-spacing: normal;\">DataAnalist \u00dcretimden Veri Toplama Sistemi ile ;<\/span><\/p><ul><li>Makinelerinizle PLC&#8217;ler ya da harici sens\u00f6rler vas\u0131tas\u0131yla direkt ba\u011flant\u0131 kurarak ger\u00e7ek zamanl\u0131 verileri toplay\u0131p kay\u0131t alt\u0131na al\u0131r ve raporlarabilirsiniz.<\/li><li>Eski veya yeni her t\u00fcrl\u00fc makina ile haberle\u015fmek ve anl\u0131k verilerini almak m\u00fcmk\u00fcnd\u00fcr.<\/li><li>Toplanan verilere internet \u00fczerinden online olarak ula\u015fabilir, denetleyebilir ve kontrol edebilirsiniz.<\/li><\/ul>\t\t\t\t\t\t\t\t<\/div>\n\t\t\t\t<\/div>\n\t\t\t\t\t<\/div>\n\t\t<\/div>\n\t\t\t\t\t<\/div>\n\t\t<\/section>\n\t\t\t\t<section class=\"elementor-section elementor-inner-section elementor-element elementor-element-c0db0ab elementor-section-content-middle elementor-section-boxed elementor-section-height-default elementor-section-height-default\" data-id=\"c0db0ab\" data-element_type=\"section\">\n\t\t\t\t\t\t<div class=\"elementor-container elementor-column-gap-no\">\n\t\t\t\t\t<div class=\"elementor-column elementor-col-100 elementor-inner-column elementor-element elementor-element-8d89d63\" data-id=\"8d89d63\" data-element_type=\"column\">\n\t\t\t<div class=\"elementor-widget-wrap elementor-element-populated\">\n\t\t\t\t\t\t<div class=\"elementor-element elementor-element-69cdf64 elementor-widget elementor-widget-heading\" data-id=\"69cdf64\" data-element_type=\"widget\" data-widget_type=\"heading.default\">\n\t\t\t\t<div class=\"elementor-widget-container\">\n\t\t\t\t\t<h4 class=\"elementor-heading-title elementor-size-default\">Makina \u00dcretim Verileri<\/h4>\t\t\t\t<\/div>\n\t\t\t\t<\/div>\n\t\t\t\t<div class=\"elementor-element elementor-element-47e8894 elementor-widget-divider--view-line elementor-widget elementor-widget-divider\" data-id=\"47e8894\" data-element_type=\"widget\" data-widget_type=\"divider.default\">\n\t\t\t\t<div class=\"elementor-widget-container\">\n\t\t\t\t\t\t\t<div class=\"elementor-divider\">\n\t\t\t<span class=\"elementor-divider-separator\">\n\t\t\t\t\t\t<\/span>\n\t\t<\/div>\n\t\t\t\t\t\t<\/div>\n\t\t\t\t<\/div>\n\t\t\t\t<div class=\"elementor-element elementor-element-b8b3ad2 elementor-widget elementor-widget-text-editor\" data-id=\"b8b3ad2\" data-element_type=\"widget\" data-widget_type=\"text-editor.default\">\n\t\t\t\t<div class=\"elementor-widget-container\">\n\t\t\t\t\t\t\t\t\t<p>\u00dcretimin hangi parametreler ile yap\u0131laca\u011f\u0131n\u0131 \u00f6nceden tan\u0131mlayabilir ve \u00fcretim esnas\u0131nda bu parametrelere uygunlu\u011fu kontrol edebilirsiniz.<br \/>Bu parametreler \u00fcretim esnas\u0131nda i\u015femri ile ili\u015fkilendirilerek kay\u0131t alt\u0131na al\u0131n\u0131r.<br \/>B\u00f6ylece istenilen zaman aral\u0131\u011f\u0131nda \u00fcr\u00fcn\u00fcn s\u0131cakl\u0131k, bas\u0131n\u00e7, \u00fcretim h\u0131z\u0131, bask\u0131 h\u0131z\u0131, devir gibi hangi de\u011ferler ile \u00fcretildi\u011fini g\u00f6rebilir.<\/p>\t\t\t\t\t\t\t\t<\/div>\n\t\t\t\t<\/div>\n\t\t\t\t\t<\/div>\n\t\t<\/div>\n\t\t\t\t\t<\/div>\n\t\t<\/section>\n\t\t\t\t<section class=\"elementor-section elementor-inner-section elementor-element elementor-element-eb8e634 elementor-section-content-middle elementor-section-boxed elementor-section-height-default elementor-section-height-default\" data-id=\"eb8e634\" data-element_type=\"section\">\n\t\t\t\t\t\t<div class=\"elementor-container elementor-column-gap-no\">\n\t\t\t\t\t<div class=\"elementor-column elementor-col-100 elementor-inner-column elementor-element elementor-element-2d4bd06\" data-id=\"2d4bd06\" data-element_type=\"column\">\n\t\t\t<div class=\"elementor-widget-wrap elementor-element-populated\">\n\t\t\t\t\t\t<div class=\"elementor-element elementor-element-c52cae0 elementor-widget elementor-widget-heading\" data-id=\"c52cae0\" data-element_type=\"widget\" data-widget_type=\"heading.default\">\n\t\t\t\t<div class=\"elementor-widget-container\">\n\t\t\t\t\t<h4 class=\"elementor-heading-title elementor-size-default\">\u00dcretim Verileri<\/h4>\t\t\t\t<\/div>\n\t\t\t\t<\/div>\n\t\t\t\t<div class=\"elementor-element elementor-element-68270f0 elementor-widget-divider--view-line elementor-widget elementor-widget-divider\" data-id=\"68270f0\" data-element_type=\"widget\" data-widget_type=\"divider.default\">\n\t\t\t\t<div class=\"elementor-widget-container\">\n\t\t\t\t\t\t\t<div class=\"elementor-divider\">\n\t\t\t<span class=\"elementor-divider-separator\">\n\t\t\t\t\t\t<\/span>\n\t\t<\/div>\n\t\t\t\t\t\t<\/div>\n\t\t\t\t<\/div>\n\t\t\t\t<div class=\"elementor-element elementor-element-128b0b7 elementor-widget elementor-widget-text-editor\" data-id=\"128b0b7\" data-element_type=\"widget\" data-widget_type=\"text-editor.default\">\n\t\t\t\t<div class=\"elementor-widget-container\">\n\t\t\t\t\t\t\t\t\t<p>Toplanan veriler ile \u00fcretiminizdeki her a\u015famay\u0131 kontrol ve denetim alt\u0131nda tutabilirsiniz.<br \/>Bunlardan baz\u0131lar\u0131;<\/p><ul><li>Fabrika, makina, b\u00f6l\u00fcm takibi,<\/li><li>Andon panel ile sonu\u00e7lar\u0131n anl\u0131k takibi,<\/li><li>\u00dcretim performans takibi,<\/li><li>Duru\u015f s\u00fcrelerinizin ve duru\u015f nedenlerinin takibi,<\/li><li>Firelerin ve nedenlerinin takibi,<\/li><li>\u0130nsan ve ekipman pozisyon takibi,<\/li><li>Sipari\u015f &gt; \u00dcretim takibi,<\/li><li>\u00dcretim stok takibi,<\/li><li>Ekipman, kal\u0131p vb. \u00f6m\u00fcr takibi,<\/li><li>RFID, kamera, etiket ve barkod ile izlenebilirlik.<\/li><\/ul>\t\t\t\t\t\t\t\t<\/div>\n\t\t\t\t<\/div>\n\t\t\t\t\t<\/div>\n\t\t<\/div>\n\t\t\t\t\t<\/div>\n\t\t<\/section>\n\t\t\t\t<section class=\"elementor-section elementor-inner-section elementor-element elementor-element-9434a77 elementor-section-content-middle elementor-section-boxed elementor-section-height-default elementor-section-height-default\" data-id=\"9434a77\" data-element_type=\"section\">\n\t\t\t\t\t\t<div class=\"elementor-container elementor-column-gap-no\">\n\t\t\t\t\t<div class=\"elementor-column elementor-col-100 elementor-inner-column elementor-element elementor-element-26c3231\" data-id=\"26c3231\" data-element_type=\"column\">\n\t\t\t<div class=\"elementor-widget-wrap elementor-element-populated\">\n\t\t\t\t\t\t<div class=\"elementor-element elementor-element-dafa14d elementor-widget elementor-widget-heading\" data-id=\"dafa14d\" data-element_type=\"widget\" data-widget_type=\"heading.default\">\n\t\t\t\t<div class=\"elementor-widget-container\">\n\t\t\t\t\t<h4 class=\"elementor-heading-title elementor-size-default\">Raporlama ve Entegrasyon<\/h4>\t\t\t\t<\/div>\n\t\t\t\t<\/div>\n\t\t\t\t<div class=\"elementor-element elementor-element-3733019 elementor-widget-divider--view-line elementor-widget elementor-widget-divider\" data-id=\"3733019\" data-element_type=\"widget\" data-widget_type=\"divider.default\">\n\t\t\t\t<div class=\"elementor-widget-container\">\n\t\t\t\t\t\t\t<div class=\"elementor-divider\">\n\t\t\t<span class=\"elementor-divider-separator\">\n\t\t\t\t\t\t<\/span>\n\t\t<\/div>\n\t\t\t\t\t\t<\/div>\n\t\t\t\t<\/div>\n\t\t\t\t<div class=\"elementor-element elementor-element-162829f elementor-widget elementor-widget-text-editor\" data-id=\"162829f\" data-element_type=\"widget\" data-widget_type=\"text-editor.default\">\n\t\t\t\t<div class=\"elementor-widget-container\">\n\t\t\t\t\t\t\t\t\t<p>DataAnalist Veri Toplama Sistemi rapolama ve entegrasyon konular\u0131nda da g\u00fc\u00e7l\u00fc yap\u0131ya sahiptir.<\/p><ul><li>\u0130\u015fletmenizin \u00fcretim verilerini esnek raporlama<\/li><li>Haz\u0131rlanacak otomatik rapolar ile s\u00fcrekli denetim<\/li><li>Planl\u0131 ve kestirimci bak\u0131m raporlar\u0131<\/li><li>Raporlar\u0131 Excel, PDF, CSV ve benzeri formatlarda alabilme<\/li><li>Kulland\u0131\u011f\u0131n\u0131z ERP program\u0131na entegre edilebilme \u00f6zelli\u011fi<\/li><\/ul>\t\t\t\t\t\t\t\t<\/div>\n\t\t\t\t<\/div>\n\t\t\t\t\t<\/div>\n\t\t<\/div>\n\t\t\t\t\t<\/div>\n\t\t<\/section>\n\t\t\t\t\t<\/div>\n\t\t<\/div>\n\t\t\t\t\t<\/div>\n\t\t<\/section>\n\t\t\t\t<\/div>\n\t\t","protected":false},"excerpt":{"rendered":"<p>\u00dcretimden Veri Toplama \u00dcretimden Veri Toplama Nedir? DataAnalist \u00dcretimden Veri Toplama Sistemi ile \u00fcretim sahas\u0131n\u0131 kontrol alt\u0131nda tutabilir, hangi makinelerin \u00e7al\u0131\u015ft\u0131\u011f\u0131n\u0131, hangi makinelerin durdu\u011funu anl\u0131k g\u00f6rebilir, hangi \u00fcr\u00fcn\u00fcn \u00fcretildi\u011fini, \u00fcretim parametrelerini ve de\u011ferlerini ger\u00e7ek zamanl\u0131 izleyebilirsiniz. Makinelerin anl\u0131k durumunun izlenebilmesi, \u00dcretim fire miktar\u0131n\u0131n ve nedenlerinin toplanmas\u0131, \u00dcretim s\u00fcrelerinin ger\u00e7ek zamanl\u0131 takibi, Duru\u015f zamanlar\u0131, duru\u015f tipleri&hellip;<\/p>\n","protected":false},"author":2,"featured_media":0,"parent":0,"menu_order":0,"comment_status":"closed","ping_status":"closed","template":"","meta":{"footnotes":""},"class_list":["post-27757","page","type-page","status-publish","hentry"],"_links":{"self":[{"href":"https:\/\/yeni.dataanalist.com\/index.php?rest_route=\/wp\/v2\/pages\/27757","targetHints":{"allow":["GET"]}}],"collection":[{"href":"https:\/\/yeni.dataanalist.com\/index.php?rest_route=\/wp\/v2\/pages"}],"about":[{"href":"https:\/\/yeni.dataanalist.com\/index.php?rest_route=\/wp\/v2\/types\/page"}],"author":[{"embeddable":true,"href":"https:\/\/yeni.dataanalist.com\/index.php?rest_route=\/wp\/v2\/users\/2"}],"replies":[{"embeddable":true,"href":"https:\/\/yeni.dataanalist.com\/index.php?rest_route=%2Fwp%2Fv2%2Fcomments&post=27757"}],"version-history":[{"count":8,"href":"https:\/\/yeni.dataanalist.com\/index.php?rest_route=\/wp\/v2\/pages\/27757\/revisions"}],"predecessor-version":[{"id":27772,"href":"https:\/\/yeni.dataanalist.com\/index.php?rest_route=\/wp\/v2\/pages\/27757\/revisions\/27772"}],"wp:attachment":[{"href":"https:\/\/yeni.dataanalist.com\/index.php?rest_route=%2Fwp%2Fv2%2Fmedia&parent=27757"}],"curies":[{"name":"wp","href":"https:\/\/api.w.org\/{rel}","templated":true}]}}