{"id":27498,"date":"2020-12-28T18:25:50","date_gmt":"2020-12-28T15:25:50","guid":{"rendered":"http:\/\/yeni.dataanalist.com\/?page_id=27498"},"modified":"2021-08-18T10:08:04","modified_gmt":"2021-08-18T07:08:04","slug":"dokuman-ve-sunumlarimiz","status":"publish","type":"page","link":"https:\/\/yeni.dataanalist.com\/?page_id=27498","title":{"rendered":"Dok\u00fcman ve Sunumlar\u0131m\u0131z"},"content":{"rendered":"\t\t<div data-elementor-type=\"wp-page\" data-elementor-id=\"27498\" class=\"elementor elementor-27498\">\n\t\t\t\t\t\t<section class=\"elementor-section elementor-top-section elementor-element elementor-element-ce8d210 elementor-section-content-middle elementor-section-stretched elementor-section-boxed elementor-section-height-default elementor-section-height-default\" data-id=\"ce8d210\" data-element_type=\"section\" data-settings=\"{&quot;background_background&quot;:&quot;classic&quot;,&quot;stretch_section&quot;:&quot;section-stretched&quot;}\">\n\t\t\t\t\t\t\t<div class=\"elementor-background-overlay\"><\/div>\n\t\t\t\t\t\t\t<div class=\"elementor-container elementor-column-gap-no\">\n\t\t\t\t\t<div class=\"elementor-column elementor-col-100 elementor-top-column elementor-element elementor-element-6e0543f\" data-id=\"6e0543f\" data-element_type=\"column\">\n\t\t\t<div class=\"elementor-widget-wrap elementor-element-populated\">\n\t\t\t\t\t\t<div class=\"elementor-element elementor-element-52e633e elementor-widget elementor-widget-heading\" data-id=\"52e633e\" data-element_type=\"widget\" data-widget_type=\"heading.default\">\n\t\t\t\t<div class=\"elementor-widget-container\">\n\t\t\t\t\t<h4 class=\"elementor-heading-title elementor-size-default\">Dok\u00fcman ve Sunumlar\u0131m\u0131z<\/h4>\t\t\t\t<\/div>\n\t\t\t\t<\/div>\n\t\t\t\t\t<\/div>\n\t\t<\/div>\n\t\t\t\t\t<\/div>\n\t\t<\/section>\n\t\t\t\t<section class=\"elementor-section elementor-top-section elementor-element elementor-element-634da5e4 elementor-section-content-middle elementor-section-boxed elementor-section-height-default elementor-section-height-default\" data-id=\"634da5e4\" data-element_type=\"section\">\n\t\t\t\t\t\t<div class=\"elementor-container elementor-column-gap-no\">\n\t\t\t\t\t<div class=\"elementor-column elementor-col-100 elementor-top-column elementor-element elementor-element-76fbe939\" data-id=\"76fbe939\" data-element_type=\"column\">\n\t\t\t<div class=\"elementor-widget-wrap elementor-element-populated\">\n\t\t\t\t\t\t<section class=\"elementor-section elementor-inner-section elementor-element elementor-element-540dd9f8 elementor-section-content-middle elementor-section-boxed elementor-section-height-default elementor-section-height-default\" data-id=\"540dd9f8\" data-element_type=\"section\">\n\t\t\t\t\t\t<div class=\"elementor-container elementor-column-gap-no\">\n\t\t\t\t\t<div class=\"elementor-column elementor-col-50 elementor-inner-column elementor-element elementor-element-565a27f9\" data-id=\"565a27f9\" data-element_type=\"column\">\n\t\t\t<div class=\"elementor-widget-wrap elementor-element-populated\">\n\t\t\t\t\t\t<div class=\"elementor-element elementor-element-49678791 elementor-position-top elementor-widget elementor-widget-image-box\" data-id=\"49678791\" data-element_type=\"widget\" data-widget_type=\"image-box.default\">\n\t\t\t\t<div class=\"elementor-widget-container\">\n\t\t\t\t\t<div class=\"elementor-image-box-wrapper\"><figure class=\"elementor-image-box-img\"><img fetchpriority=\"high\" decoding=\"async\" width=\"768\" height=\"543\" src=\"https:\/\/yeni.dataanalist.com\/wp-content\/uploads\/2020\/12\/Kiosk_buyuk-768x543.jpg\" class=\"attachment-medium_large size-medium_large wp-image-28038\" alt=\"\" srcset=\"https:\/\/yeni.dataanalist.com\/wp-content\/uploads\/2020\/12\/Kiosk_buyuk-768x543.jpg 768w, https:\/\/yeni.dataanalist.com\/wp-content\/uploads\/2020\/12\/Kiosk_buyuk-300x212.jpg 300w, https:\/\/yeni.dataanalist.com\/wp-content\/uploads\/2020\/12\/Kiosk_buyuk.jpg 950w\" sizes=\"(max-width: 768px) 100vw, 768px\" \/><\/figure><div class=\"elementor-image-box-content\"><h3 class=\"elementor-image-box-title\">DA_VT06 Veri Toplama Kiosku<\/h3><\/div><\/div>\t\t\t\t<\/div>\n\t\t\t\t<\/div>\n\t\t\t\t\t<\/div>\n\t\t<\/div>\n\t\t\t\t<div class=\"elementor-column elementor-col-50 elementor-inner-column elementor-element elementor-element-e1d8340\" data-id=\"e1d8340\" data-element_type=\"column\">\n\t\t\t<div class=\"elementor-widget-wrap elementor-element-populated\">\n\t\t\t\t\t\t<div class=\"elementor-element elementor-element-2902c557 elementor-position-top elementor-widget elementor-widget-image-box\" data-id=\"2902c557\" data-element_type=\"widget\" data-widget_type=\"image-box.default\">\n\t\t\t\t<div class=\"elementor-widget-container\">\n\t\t\t\t\t<div class=\"elementor-image-box-wrapper\"><figure class=\"elementor-image-box-img\"><img decoding=\"async\" width=\"950\" height=\"672\" src=\"https:\/\/yeni.dataanalist.com\/wp-content\/uploads\/2020\/12\/Operator_buyuk.jpg\" class=\"attachment-full size-full wp-image-28039\" alt=\"\" srcset=\"https:\/\/yeni.dataanalist.com\/wp-content\/uploads\/2020\/12\/Operator_buyuk.jpg 950w, https:\/\/yeni.dataanalist.com\/wp-content\/uploads\/2020\/12\/Operator_buyuk-300x212.jpg 300w, https:\/\/yeni.dataanalist.com\/wp-content\/uploads\/2020\/12\/Operator_buyuk-768x543.jpg 768w\" sizes=\"(max-width: 950px) 100vw, 950px\" \/><\/figure><div class=\"elementor-image-box-content\"><h3 class=\"elementor-image-box-title\">Veri Toplama Yaz\u0131l\u0131m\u0131<\/h3><\/div><\/div>\t\t\t\t<\/div>\n\t\t\t\t<\/div>\n\t\t\t\t\t<\/div>\n\t\t<\/div>\n\t\t\t\t\t<\/div>\n\t\t<\/section>\n\t\t\t\t<section class=\"elementor-section elementor-inner-section elementor-element elementor-element-3570698 elementor-section-content-middle elementor-section-boxed elementor-section-height-default elementor-section-height-default\" data-id=\"3570698\" data-element_type=\"section\">\n\t\t\t\t\t\t<div class=\"elementor-container elementor-column-gap-no\">\n\t\t\t\t\t<div class=\"elementor-column elementor-col-50 elementor-inner-column elementor-element elementor-element-2e7541ec\" data-id=\"2e7541ec\" data-element_type=\"column\">\n\t\t\t<div class=\"elementor-widget-wrap elementor-element-populated\">\n\t\t\t\t\t\t<div class=\"elementor-element elementor-element-1b0c960e elementor-position-top elementor-widget elementor-widget-image-box\" data-id=\"1b0c960e\" data-element_type=\"widget\" data-widget_type=\"image-box.default\">\n\t\t\t\t<div class=\"elementor-widget-container\">\n\t\t\t\t\t<div class=\"elementor-image-box-wrapper\"><figure class=\"elementor-image-box-img\"><img decoding=\"async\" width=\"768\" height=\"543\" src=\"https:\/\/yeni.dataanalist.com\/wp-content\/uploads\/2020\/12\/bt_buyuk-768x543.jpg\" class=\"attachment-medium_large size-medium_large wp-image-28036\" alt=\"\" srcset=\"https:\/\/yeni.dataanalist.com\/wp-content\/uploads\/2020\/12\/bt_buyuk-768x543.jpg 768w, https:\/\/yeni.dataanalist.com\/wp-content\/uploads\/2020\/12\/bt_buyuk-300x212.jpg 300w, https:\/\/yeni.dataanalist.com\/wp-content\/uploads\/2020\/12\/bt_buyuk.jpg 950w\" sizes=\"(max-width: 768px) 100vw, 768px\" \/><\/figure><div class=\"elementor-image-box-content\"><h3 class=\"elementor-image-box-title\">Bili\u015fim Dan\u0131\u015fmanl\u0131\u011f\u0131<\/h3><\/div><\/div>\t\t\t\t<\/div>\n\t\t\t\t<\/div>\n\t\t\t\t\t<\/div>\n\t\t<\/div>\n\t\t\t\t<div class=\"elementor-column elementor-col-50 elementor-inner-column elementor-element elementor-element-1255a93a\" data-id=\"1255a93a\" data-element_type=\"column\">\n\t\t\t<div class=\"elementor-widget-wrap elementor-element-populated\">\n\t\t\t\t\t\t<div class=\"elementor-element elementor-element-7ee52acd elementor-position-top elementor-widget elementor-widget-image-box\" data-id=\"7ee52acd\" data-element_type=\"widget\" data-widget_type=\"image-box.default\">\n\t\t\t\t<div class=\"elementor-widget-container\">\n\t\t\t\t\t<div class=\"elementor-image-box-wrapper\"><figure class=\"elementor-image-box-img\"><img loading=\"lazy\" decoding=\"async\" width=\"768\" height=\"542\" src=\"https:\/\/yeni.dataanalist.com\/wp-content\/uploads\/2020\/12\/Depo_buyuk-768x542.jpg\" class=\"attachment-medium_large size-medium_large wp-image-28037\" alt=\"\" srcset=\"https:\/\/yeni.dataanalist.com\/wp-content\/uploads\/2020\/12\/Depo_buyuk-768x542.jpg 768w, https:\/\/yeni.dataanalist.com\/wp-content\/uploads\/2020\/12\/Depo_buyuk-300x212.jpg 300w, https:\/\/yeni.dataanalist.com\/wp-content\/uploads\/2020\/12\/Depo_buyuk.jpg 950w\" sizes=\"(max-width: 768px) 100vw, 768px\" \/><\/figure><div class=\"elementor-image-box-content\"><h3 class=\"elementor-image-box-title\">Depo Y\u00f6netimi<\/h3><\/div><\/div>\t\t\t\t<\/div>\n\t\t\t\t<\/div>\n\t\t\t\t\t<\/div>\n\t\t<\/div>\n\t\t\t\t\t<\/div>\n\t\t<\/section>\n\t\t\t\t<section class=\"elementor-section elementor-inner-section elementor-element elementor-element-e7084ff elementor-section-content-middle elementor-section-boxed elementor-section-height-default elementor-section-height-default\" data-id=\"e7084ff\" data-element_type=\"section\">\n\t\t\t\t\t\t<div class=\"elementor-container elementor-column-gap-no\">\n\t\t\t\t\t<div class=\"elementor-column elementor-col-50 elementor-inner-column elementor-element elementor-element-df5ee15\" data-id=\"df5ee15\" data-element_type=\"column\">\n\t\t\t<div class=\"elementor-widget-wrap elementor-element-populated\">\n\t\t\t\t\t\t<div class=\"elementor-element elementor-element-9ef8434 elementor-position-top elementor-widget elementor-widget-image-box\" data-id=\"9ef8434\" data-element_type=\"widget\" data-widget_type=\"image-box.default\">\n\t\t\t\t<div class=\"elementor-widget-container\">\n\t\t\t\t\t<div class=\"elementor-image-box-wrapper\"><figure class=\"elementor-image-box-img\"><img loading=\"lazy\" decoding=\"async\" width=\"768\" height=\"543\" src=\"https:\/\/yeni.dataanalist.com\/wp-content\/uploads\/2020\/12\/Sinyal_buyuk-768x543.jpg\" class=\"attachment-medium_large size-medium_large wp-image-28046\" alt=\"\" srcset=\"https:\/\/yeni.dataanalist.com\/wp-content\/uploads\/2020\/12\/Sinyal_buyuk-768x543.jpg 768w, https:\/\/yeni.dataanalist.com\/wp-content\/uploads\/2020\/12\/Sinyal_buyuk-300x212.jpg 300w, https:\/\/yeni.dataanalist.com\/wp-content\/uploads\/2020\/12\/Sinyal_buyuk.jpg 950w\" sizes=\"(max-width: 768px) 100vw, 768px\" \/><\/figure><div class=\"elementor-image-box-content\"><h3 class=\"elementor-image-box-title\">Dijital ve Analog Sinyallerin Toplanmas\u0131<\/h3><\/div><\/div>\t\t\t\t<\/div>\n\t\t\t\t<\/div>\n\t\t\t\t\t<\/div>\n\t\t<\/div>\n\t\t\t\t<div class=\"elementor-column elementor-col-50 elementor-inner-column elementor-element elementor-element-da24fdc\" data-id=\"da24fdc\" data-element_type=\"column\">\n\t\t\t<div class=\"elementor-widget-wrap elementor-element-populated\">\n\t\t\t\t\t\t<div class=\"elementor-element elementor-element-71e0ac2 elementor-position-top elementor-widget elementor-widget-image-box\" data-id=\"71e0ac2\" data-element_type=\"widget\" data-widget_type=\"image-box.default\">\n\t\t\t\t<div class=\"elementor-widget-container\">\n\t\t\t\t\t<div class=\"elementor-image-box-wrapper\"><figure class=\"elementor-image-box-img\"><a href=\"https:\/\/yeni.dataanalist.com\/wp-content\/uploads\/2021\/01\/dataanalist-sunum-master.ppsx\" target=\"_blank\" tabindex=\"-1\"><img loading=\"lazy\" decoding=\"async\" width=\"768\" height=\"543\" src=\"https:\/\/yeni.dataanalist.com\/wp-content\/uploads\/2021\/01\/sunumkucuk-768x543.jpg\" class=\"attachment-medium_large size-medium_large wp-image-28124\" alt=\"\" srcset=\"https:\/\/yeni.dataanalist.com\/wp-content\/uploads\/2021\/01\/sunumkucuk-768x543.jpg 768w, https:\/\/yeni.dataanalist.com\/wp-content\/uploads\/2021\/01\/sunumkucuk-300x212.jpg 300w, https:\/\/yeni.dataanalist.com\/wp-content\/uploads\/2021\/01\/sunumkucuk.jpg 950w\" sizes=\"(max-width: 768px) 100vw, 768px\" \/><\/a><\/figure><div class=\"elementor-image-box-content\"><h3 class=\"elementor-image-box-title\"><a href=\"https:\/\/yeni.dataanalist.com\/wp-content\/uploads\/2021\/01\/dataanalist-sunum-master.ppsx\" target=\"_blank\">DataAnalist Sunum<\/a><\/h3><\/div><\/div>\t\t\t\t<\/div>\n\t\t\t\t<\/div>\n\t\t\t\t\t<\/div>\n\t\t<\/div>\n\t\t\t\t\t<\/div>\n\t\t<\/section>\n\t\t\t\t\t<\/div>\n\t\t<\/div>\n\t\t\t\t\t<\/div>\n\t\t<\/section>\n\t\t\t\t<\/div>\n\t\t","protected":false},"excerpt":{"rendered":"<p>Dok\u00fcman ve Sunumlar\u0131m\u0131z DA_VT06 Veri Toplama Kiosku Veri Toplama Yaz\u0131l\u0131m\u0131 Bili\u015fim Dan\u0131\u015fmanl\u0131\u011f\u0131 Depo Y\u00f6netimi Dijital ve Analog Sinyallerin Toplanmas\u0131 DataAnalist Sunum<\/p>\n","protected":false},"author":2,"featured_media":0,"parent":0,"menu_order":0,"comment_status":"closed","ping_status":"closed","template":"","meta":{"footnotes":""},"class_list":["post-27498","page","type-page","status-publish","hentry"],"_links":{"self":[{"href":"https:\/\/yeni.dataanalist.com\/index.php?rest_route=\/wp\/v2\/pages\/27498","targetHints":{"allow":["GET"]}}],"collection":[{"href":"https:\/\/yeni.dataanalist.com\/index.php?rest_route=\/wp\/v2\/pages"}],"about":[{"href":"https:\/\/yeni.dataanalist.com\/index.php?rest_route=\/wp\/v2\/types\/page"}],"author":[{"embeddable":true,"href":"https:\/\/yeni.dataanalist.com\/index.php?rest_route=\/wp\/v2\/users\/2"}],"replies":[{"embeddable":true,"href":"https:\/\/yeni.dataanalist.com\/index.php?rest_route=%2Fwp%2Fv2%2Fcomments&post=27498"}],"version-history":[{"count":50,"href":"https:\/\/yeni.dataanalist.com\/index.php?rest_route=\/wp\/v2\/pages\/27498\/revisions"}],"predecessor-version":[{"id":28480,"href":"https:\/\/yeni.dataanalist.com\/index.php?rest_route=\/wp\/v2\/pages\/27498\/revisions\/28480"}],"wp:attachment":[{"href":"https:\/\/yeni.dataanalist.com\/index.php?rest_route=%2Fwp%2Fv2%2Fmedia&parent=27498"}],"curies":[{"name":"wp","href":"https:\/\/api.w.org\/{rel}","templated":true}]}}