{"id":27496,"date":"2020-12-28T18:24:37","date_gmt":"2020-12-28T15:24:37","guid":{"rendered":"http:\/\/yeni.dataanalist.com\/?page_id=27496"},"modified":"2021-08-18T10:08:28","modified_gmt":"2021-08-18T07:08:28","slug":"hizmetler","status":"publish","type":"page","link":"https:\/\/yeni.dataanalist.com\/?page_id=27496","title":{"rendered":"Hizmetlerimiz"},"content":{"rendered":"\t\t<div data-elementor-type=\"wp-page\" data-elementor-id=\"27496\" class=\"elementor elementor-27496\">\n\t\t\t\t\t\t<section class=\"elementor-section elementor-top-section elementor-element elementor-element-dc153b6 elementor-section-content-middle elementor-section-stretched elementor-section-boxed elementor-section-height-default elementor-section-height-default\" data-id=\"dc153b6\" data-element_type=\"section\" data-settings=\"{&quot;background_background&quot;:&quot;classic&quot;,&quot;stretch_section&quot;:&quot;section-stretched&quot;}\">\n\t\t\t\t\t\t\t<div class=\"elementor-background-overlay\"><\/div>\n\t\t\t\t\t\t\t<div class=\"elementor-container elementor-column-gap-no\">\n\t\t\t\t\t<div class=\"elementor-column elementor-col-100 elementor-top-column elementor-element elementor-element-57da2e3\" data-id=\"57da2e3\" data-element_type=\"column\">\n\t\t\t<div class=\"elementor-widget-wrap elementor-element-populated\">\n\t\t\t\t\t\t<div class=\"elementor-element elementor-element-9ac1982 elementor-widget elementor-widget-heading\" data-id=\"9ac1982\" data-element_type=\"widget\" data-widget_type=\"heading.default\">\n\t\t\t\t<div class=\"elementor-widget-container\">\n\t\t\t\t\t<h4 class=\"elementor-heading-title elementor-size-default\">Hizmetlerimiz<\/h4>\t\t\t\t<\/div>\n\t\t\t\t<\/div>\n\t\t\t\t\t<\/div>\n\t\t<\/div>\n\t\t\t\t\t<\/div>\n\t\t<\/section>\n\t\t\t\t<section class=\"elementor-section elementor-top-section elementor-element elementor-element-3160925 elementor-section-content-middle elementor-section-boxed elementor-section-height-default elementor-section-height-default\" data-id=\"3160925\" data-element_type=\"section\">\n\t\t\t\t\t\t<div class=\"elementor-container elementor-column-gap-no\">\n\t\t\t\t\t<div class=\"elementor-column elementor-col-100 elementor-top-column elementor-element elementor-element-d0ee304\" data-id=\"d0ee304\" data-element_type=\"column\">\n\t\t\t<div class=\"elementor-widget-wrap elementor-element-populated\">\n\t\t\t\t\t\t<section class=\"elementor-section elementor-inner-section elementor-element elementor-element-b507d4a elementor-section-content-middle elementor-section-boxed elementor-section-height-default elementor-section-height-default\" data-id=\"b507d4a\" data-element_type=\"section\">\n\t\t\t\t\t\t<div class=\"elementor-container elementor-column-gap-no\">\n\t\t\t\t\t<div class=\"elementor-column elementor-col-50 elementor-inner-column elementor-element elementor-element-b427bfa\" data-id=\"b427bfa\" data-element_type=\"column\">\n\t\t\t<div class=\"elementor-widget-wrap elementor-element-populated\">\n\t\t\t\t\t\t<div class=\"elementor-element elementor-element-3e2e1e7 elementor-widget elementor-widget-image\" data-id=\"3e2e1e7\" data-element_type=\"widget\" data-widget_type=\"image.default\">\n\t\t\t\t<div class=\"elementor-widget-container\">\n\t\t\t\t\t\t\t\t\t\t\t\t\t\t\t<img fetchpriority=\"high\" decoding=\"async\" width=\"950\" height=\"570\" src=\"https:\/\/yeni.dataanalist.com\/wp-content\/uploads\/2020\/12\/shuttersctock_1257985921-1.jpg\" class=\"attachment-large size-large wp-image-28067\" alt=\"\" srcset=\"https:\/\/yeni.dataanalist.com\/wp-content\/uploads\/2020\/12\/shuttersctock_1257985921-1.jpg 950w, https:\/\/yeni.dataanalist.com\/wp-content\/uploads\/2020\/12\/shuttersctock_1257985921-1-300x180.jpg 300w, https:\/\/yeni.dataanalist.com\/wp-content\/uploads\/2020\/12\/shuttersctock_1257985921-1-768x461.jpg 768w\" sizes=\"(max-width: 950px) 100vw, 950px\" \/>\t\t\t\t\t\t\t\t\t\t\t\t\t\t\t<\/div>\n\t\t\t\t<\/div>\n\t\t\t\t\t<\/div>\n\t\t<\/div>\n\t\t\t\t<div class=\"elementor-column elementor-col-50 elementor-inner-column elementor-element elementor-element-f7d48ef\" data-id=\"f7d48ef\" data-element_type=\"column\">\n\t\t\t<div class=\"elementor-widget-wrap elementor-element-populated\">\n\t\t\t\t\t\t<div class=\"elementor-element elementor-element-5384ab3 elementor-widget elementor-widget-heading\" data-id=\"5384ab3\" data-element_type=\"widget\" data-widget_type=\"heading.default\">\n\t\t\t\t<div class=\"elementor-widget-container\">\n\t\t\t\t\t<h2 class=\"elementor-heading-title elementor-size-default\">Bili\u015fim Dan\u0131\u015fmanl\u0131\u011f\u0131<\/h2>\t\t\t\t<\/div>\n\t\t\t\t<\/div>\n\t\t\t\t<div class=\"elementor-element elementor-element-330dab2 elementor-widget elementor-widget-text-editor\" data-id=\"330dab2\" data-element_type=\"widget\" data-widget_type=\"text-editor.default\">\n\t\t\t\t<div class=\"elementor-widget-container\">\n\t\t\t\t\t\t\t\t\t<p>DataAnalist&#8217;in, disiplinli ve tecr\u00fcbeli ekibi bili\u015fim dan\u0131\u015fmanl\u0131\u011f\u0131 yaparak firmalar\u0131n bu ihtiya\u00e7lar\u0131na a\u00e7\u0131k ve d\u00fcr\u00fcst \u00e7al\u0131\u015fmalar ile kat\u0131l\u0131m sa\u011flamakta ve \u00f6neriler sunmaktad\u0131r. Gerekli durumlarda ise diretk olarak \u00e7\u00f6z\u00fcm\u00fc \u00fcretip firman\u0131n kullan\u0131m\u0131na sunmaktad\u0131r. Ayr\u0131ca, analiz, planlama, optimizasyon, kurulum\/entegrasyon ve sorun giderme konular\u0131nda firmaya destek olmaktad\u0131r. Amac\u0131m\u0131z, firman\u0131z\u0131, bak\u0131\u015f a\u00e7\u0131n\u0131z\u0131, ihtiya\u00e7lar\u0131n\u0131z\u0131 analiz ederek anlamak ve taleplerinize do\u011fru \u00e7\u00f6z\u00fcmleri \u00f6nermek ve\/veya sunmakt\u0131r.<\/p>\t\t\t\t\t\t\t\t<\/div>\n\t\t\t\t<\/div>\n\t\t\t\t<div class=\"elementor-element elementor-element-6e9d521 elementor-widget elementor-widget-heading\" data-id=\"6e9d521\" data-element_type=\"widget\" data-widget_type=\"heading.default\">\n\t\t\t\t<div class=\"elementor-widget-container\">\n\t\t\t\t\t<h2 class=\"elementor-heading-title elementor-size-default\"><a href=\"https:\/\/yeni.dataanalist.com\/?page_id=27784\">Detayl\u0131 Bilgi<\/a><\/h2>\t\t\t\t<\/div>\n\t\t\t\t<\/div>\n\t\t\t\t\t<\/div>\n\t\t<\/div>\n\t\t\t\t\t<\/div>\n\t\t<\/section>\n\t\t\t\t<section class=\"elementor-section elementor-inner-section elementor-element elementor-element-ee8f7b6 elementor-section-content-middle elementor-reverse-mobile elementor-section-boxed elementor-section-height-default elementor-section-height-default\" data-id=\"ee8f7b6\" data-element_type=\"section\">\n\t\t\t\t\t\t<div class=\"elementor-container elementor-column-gap-no\">\n\t\t\t\t\t<div class=\"elementor-column elementor-col-50 elementor-inner-column elementor-element elementor-element-e6871ac\" data-id=\"e6871ac\" data-element_type=\"column\">\n\t\t\t<div class=\"elementor-widget-wrap elementor-element-populated\">\n\t\t\t\t\t\t<div class=\"elementor-element elementor-element-3e2abc6 elementor-widget elementor-widget-heading\" data-id=\"3e2abc6\" data-element_type=\"widget\" data-widget_type=\"heading.default\">\n\t\t\t\t<div class=\"elementor-widget-container\">\n\t\t\t\t\t<h2 class=\"elementor-heading-title elementor-size-default\">\u00d6zel Yaz\u0131l\u0131m<\/h2>\t\t\t\t<\/div>\n\t\t\t\t<\/div>\n\t\t\t\t<div class=\"elementor-element elementor-element-5dcd890 elementor-widget elementor-widget-text-editor\" data-id=\"5dcd890\" data-element_type=\"widget\" data-widget_type=\"text-editor.default\">\n\t\t\t\t<div class=\"elementor-widget-container\">\n\t\t\t\t\t\t\t\t\t<p>\u00d6zel yaz\u0131l\u0131m pahal\u0131 ve uzun s\u00fcreli bir \u00e7al\u0131\u015fma gerektirdi\u011finden, \u00f6ncelikle yap\u0131lacak detayl\u0131 analiz ile firman\u0131z i\u00e7in \u00f6zel yaz\u0131l\u0131m\u0131n gerekli olup olmad\u0131\u011f\u0131na karar verilmelidir. Bununla birlikte \u00f6zel yaz\u0131l\u0131m geli\u015ftirildikten sonra yaz\u0131l\u0131m\u0131n bak\u0131m\u0131, iyile\u015ftirilmesi gibi konular i\u00e7in gelecekte b\u00fct\u00e7e ayr\u0131lmas\u0131 gereklili\u011fi g\u00f6z \u00f6n\u00fcnde bulundurulmal\u0131d\u0131r. Firman\u0131z\u0131n \u00e7ok kendine \u00f6zel bir i\u015f ak\u0131\u015f\u0131, \u00e7al\u0131\u015fma disiplini, farkl\u0131 ihtiya\u00e7lar\u0131 var ve bu ihtiya\u00e7lar haz\u0131r paket programlar taraf\u0131ndan kesin olarak \u00e7\u00f6z\u00fclemiyor ise ya da mevcut yap\u0131n\u0131za uygun olmayan entegrasyon problemleri ya\u015f\u0131yorsan\u0131z \u00f6zel yaz\u0131l\u0131m sizin i\u00e7in \u00e7\u00f6z\u00fcm olabilir.<\/p>\t\t\t\t\t\t\t\t<\/div>\n\t\t\t\t<\/div>\n\t\t\t\t<div class=\"elementor-element elementor-element-f8f24f3 elementor-widget elementor-widget-heading\" data-id=\"f8f24f3\" data-element_type=\"widget\" data-widget_type=\"heading.default\">\n\t\t\t\t<div class=\"elementor-widget-container\">\n\t\t\t\t\t<h2 class=\"elementor-heading-title elementor-size-default\"><a href=\"https:\/\/yeni.dataanalist.com\/?page_id=27799\">Detayl\u0131 Bilgi<\/a><\/h2>\t\t\t\t<\/div>\n\t\t\t\t<\/div>\n\t\t\t\t\t<\/div>\n\t\t<\/div>\n\t\t\t\t<div class=\"elementor-column elementor-col-50 elementor-inner-column elementor-element elementor-element-9805b27\" data-id=\"9805b27\" data-element_type=\"column\">\n\t\t\t<div class=\"elementor-widget-wrap elementor-element-populated\">\n\t\t\t\t\t\t<div class=\"elementor-element elementor-element-5130d26 elementor-widget elementor-widget-image\" data-id=\"5130d26\" data-element_type=\"widget\" data-widget_type=\"image.default\">\n\t\t\t\t<div class=\"elementor-widget-container\">\n\t\t\t\t\t\t\t\t\t\t\t\t\t\t\t<img decoding=\"async\" width=\"768\" height=\"576\" src=\"https:\/\/yeni.dataanalist.com\/wp-content\/uploads\/2020\/12\/Data_Analist_2-768x576.jpg\" class=\"attachment-medium_large size-medium_large wp-image-27779\" alt=\"\" srcset=\"https:\/\/yeni.dataanalist.com\/wp-content\/uploads\/2020\/12\/Data_Analist_2-768x576.jpg 768w, https:\/\/yeni.dataanalist.com\/wp-content\/uploads\/2020\/12\/Data_Analist_2-300x225.jpg 300w, https:\/\/yeni.dataanalist.com\/wp-content\/uploads\/2020\/12\/Data_Analist_2.jpg 800w\" sizes=\"(max-width: 768px) 100vw, 768px\" \/>\t\t\t\t\t\t\t\t\t\t\t\t\t\t\t<\/div>\n\t\t\t\t<\/div>\n\t\t\t\t\t<\/div>\n\t\t<\/div>\n\t\t\t\t\t<\/div>\n\t\t<\/section>\n\t\t\t\t\t<\/div>\n\t\t<\/div>\n\t\t\t\t\t<\/div>\n\t\t<\/section>\n\t\t\t\t<\/div>\n\t\t","protected":false},"excerpt":{"rendered":"<p>Hizmetlerimiz Bili\u015fim Dan\u0131\u015fmanl\u0131\u011f\u0131 DataAnalist&#8217;in, disiplinli ve tecr\u00fcbeli ekibi bili\u015fim dan\u0131\u015fmanl\u0131\u011f\u0131 yaparak firmalar\u0131n bu ihtiya\u00e7lar\u0131na a\u00e7\u0131k ve d\u00fcr\u00fcst \u00e7al\u0131\u015fmalar ile kat\u0131l\u0131m sa\u011flamakta ve \u00f6neriler sunmaktad\u0131r. Gerekli durumlarda ise diretk olarak \u00e7\u00f6z\u00fcm\u00fc \u00fcretip firman\u0131n kullan\u0131m\u0131na sunmaktad\u0131r. Ayr\u0131ca, analiz, planlama, optimizasyon, kurulum\/entegrasyon ve sorun giderme konular\u0131nda firmaya destek olmaktad\u0131r. Amac\u0131m\u0131z, firman\u0131z\u0131, bak\u0131\u015f a\u00e7\u0131n\u0131z\u0131, ihtiya\u00e7lar\u0131n\u0131z\u0131 analiz ederek anlamak ve&hellip;<\/p>\n","protected":false},"author":2,"featured_media":0,"parent":0,"menu_order":0,"comment_status":"closed","ping_status":"closed","template":"","meta":{"footnotes":""},"class_list":["post-27496","page","type-page","status-publish","hentry"],"_links":{"self":[{"href":"https:\/\/yeni.dataanalist.com\/index.php?rest_route=\/wp\/v2\/pages\/27496","targetHints":{"allow":["GET"]}}],"collection":[{"href":"https:\/\/yeni.dataanalist.com\/index.php?rest_route=\/wp\/v2\/pages"}],"about":[{"href":"https:\/\/yeni.dataanalist.com\/index.php?rest_route=\/wp\/v2\/types\/page"}],"author":[{"embeddable":true,"href":"https:\/\/yeni.dataanalist.com\/index.php?rest_route=\/wp\/v2\/users\/2"}],"replies":[{"embeddable":true,"href":"https:\/\/yeni.dataanalist.com\/index.php?rest_route=%2Fwp%2Fv2%2Fcomments&post=27496"}],"version-history":[{"count":22,"href":"https:\/\/yeni.dataanalist.com\/index.php?rest_route=\/wp\/v2\/pages\/27496\/revisions"}],"predecessor-version":[{"id":28481,"href":"https:\/\/yeni.dataanalist.com\/index.php?rest_route=\/wp\/v2\/pages\/27496\/revisions\/28481"}],"wp:attachment":[{"href":"https:\/\/yeni.dataanalist.com\/index.php?rest_route=%2Fwp%2Fv2%2Fmedia&parent=27496"}],"curies":[{"name":"wp","href":"https:\/\/api.w.org\/{rel}","templated":true}]}}