{"id":27494,"date":"2020-12-28T18:24:23","date_gmt":"2020-12-28T15:24:23","guid":{"rendered":"http:\/\/yeni.dataanalist.com\/?page_id=27494"},"modified":"2022-01-06T08:49:56","modified_gmt":"2022-01-06T05:49:56","slug":"urunler","status":"publish","type":"page","link":"https:\/\/yeni.dataanalist.com\/?page_id=27494","title":{"rendered":"\u00dcr\u00fcnlerimiz"},"content":{"rendered":"\t\t<div data-elementor-type=\"wp-page\" data-elementor-id=\"27494\" class=\"elementor elementor-27494\">\n\t\t\t\t\t\t<section class=\"elementor-section elementor-top-section elementor-element elementor-element-9e5bfff elementor-section-content-middle elementor-section-stretched elementor-section-boxed elementor-section-height-default elementor-section-height-default\" data-id=\"9e5bfff\" data-element_type=\"section\" data-settings=\"{&quot;background_background&quot;:&quot;classic&quot;,&quot;stretch_section&quot;:&quot;section-stretched&quot;}\">\n\t\t\t\t\t\t\t<div class=\"elementor-background-overlay\"><\/div>\n\t\t\t\t\t\t\t<div class=\"elementor-container elementor-column-gap-no\">\n\t\t\t\t\t<div class=\"elementor-column elementor-col-100 elementor-top-column elementor-element elementor-element-1236d3e\" data-id=\"1236d3e\" data-element_type=\"column\">\n\t\t\t<div class=\"elementor-widget-wrap elementor-element-populated\">\n\t\t\t\t\t\t<div class=\"elementor-element elementor-element-cc28c08 elementor-widget elementor-widget-heading\" data-id=\"cc28c08\" data-element_type=\"widget\" data-widget_type=\"heading.default\">\n\t\t\t\t<div class=\"elementor-widget-container\">\n\t\t\t\t\t<h4 class=\"elementor-heading-title elementor-size-default\">\u00dcr\u00fcnlerimiz<\/h4>\t\t\t\t<\/div>\n\t\t\t\t<\/div>\n\t\t\t\t\t<\/div>\n\t\t<\/div>\n\t\t\t\t\t<\/div>\n\t\t<\/section>\n\t\t\t\t<section class=\"elementor-section elementor-top-section elementor-element elementor-element-2df6c1c6 elementor-section-content-middle elementor-section-boxed elementor-section-height-default elementor-section-height-default\" data-id=\"2df6c1c6\" data-element_type=\"section\">\n\t\t\t\t\t\t<div class=\"elementor-container elementor-column-gap-no\">\n\t\t\t\t\t<div class=\"elementor-column elementor-col-100 elementor-top-column elementor-element elementor-element-70b06842\" data-id=\"70b06842\" data-element_type=\"column\">\n\t\t\t<div class=\"elementor-widget-wrap elementor-element-populated\">\n\t\t\t\t\t\t<section class=\"elementor-section elementor-inner-section elementor-element elementor-element-10571f43 elementor-section-content-middle elementor-section-boxed elementor-section-height-default elementor-section-height-default\" data-id=\"10571f43\" data-element_type=\"section\">\n\t\t\t\t\t\t<div class=\"elementor-container elementor-column-gap-no\">\n\t\t\t\t\t<div class=\"elementor-column elementor-col-50 elementor-inner-column elementor-element elementor-element-652b3544\" data-id=\"652b3544\" data-element_type=\"column\">\n\t\t\t<div class=\"elementor-widget-wrap elementor-element-populated\">\n\t\t\t\t\t\t<div class=\"elementor-element elementor-element-28003f28 elementor-widget elementor-widget-image\" data-id=\"28003f28\" data-element_type=\"widget\" data-widget_type=\"image.default\">\n\t\t\t\t<div class=\"elementor-widget-container\">\n\t\t\t\t\t\t\t\t\t\t\t\t\t\t\t<img fetchpriority=\"high\" decoding=\"async\" width=\"768\" height=\"521\" src=\"https:\/\/yeni.dataanalist.com\/wp-content\/uploads\/2021\/01\/41431-768x521.jpg\" class=\"attachment-medium_large size-medium_large wp-image-28098\" alt=\"\" srcset=\"https:\/\/yeni.dataanalist.com\/wp-content\/uploads\/2021\/01\/41431-768x521.jpg 768w, https:\/\/yeni.dataanalist.com\/wp-content\/uploads\/2021\/01\/41431-300x204.jpg 300w, https:\/\/yeni.dataanalist.com\/wp-content\/uploads\/2021\/01\/41431.jpg 800w\" sizes=\"(max-width: 768px) 100vw, 768px\" \/>\t\t\t\t\t\t\t\t\t\t\t\t\t\t\t<\/div>\n\t\t\t\t<\/div>\n\t\t\t\t\t<\/div>\n\t\t<\/div>\n\t\t\t\t<div class=\"elementor-column elementor-col-50 elementor-inner-column elementor-element elementor-element-234628da\" data-id=\"234628da\" data-element_type=\"column\">\n\t\t\t<div class=\"elementor-widget-wrap elementor-element-populated\">\n\t\t\t\t\t\t<div class=\"elementor-element elementor-element-31efcabd elementor-widget elementor-widget-heading\" data-id=\"31efcabd\" data-element_type=\"widget\" data-widget_type=\"heading.default\">\n\t\t\t\t<div class=\"elementor-widget-container\">\n\t\t\t\t\t<h2 class=\"elementor-heading-title elementor-size-default\">Depo Y\u00f6netimi<\/h2>\t\t\t\t<\/div>\n\t\t\t\t<\/div>\n\t\t\t\t<div class=\"elementor-element elementor-element-3b0c2227 elementor-widget elementor-widget-text-editor\" data-id=\"3b0c2227\" data-element_type=\"widget\" data-widget_type=\"text-editor.default\">\n\t\t\t\t<div class=\"elementor-widget-container\">\n\t\t\t\t\t\t\t\t\t<p>Depo y\u00f6netimi, malkabul ile sevkiyat aras\u0131nda ge\u00e7en b\u00fct\u00fcn i\u015flemlerin etkin ve verimli bir bi\u00e7imde yap\u0131lmas\u0131d\u0131r. Mal yerle\u015fimleri, raf\/g\u00f6z tan\u0131mlar\u0131 ve barkodlu takip mal ak\u0131\u015f\u0131ndaki temel unsurlard\u0131r. Verimli depo y\u00f6netimi, gerekli s\u00fcre\u00e7ler hakk\u0131nda eksiksiz bilgilere sahip olman\u0131n yan\u0131 s\u0131ra t\u00fcm sistemin teknik ve operasyonel olarak ba\u015far\u0131l\u0131 bir \u015fekilde uygulanmas\u0131n\u0131 i\u00e7eren ileri teknik bilgilere de sahip olmay\u0131 gerektirir. DataAnalist Depo Y\u00f6netim yaz\u0131l\u0131m\u0131, bir depo i\u00e7in gereken ve gerekecek b\u00fct\u00fcn ihtiya\u00e7lar\u0131 gidermek \u00fczere tasarlanm\u0131\u015ft\u0131r.<\/p>\t\t\t\t\t\t\t\t<\/div>\n\t\t\t\t<\/div>\n\t\t\t\t<div class=\"elementor-element elementor-element-9a3b2e6 elementor-widget elementor-widget-heading\" data-id=\"9a3b2e6\" data-element_type=\"widget\" data-widget_type=\"heading.default\">\n\t\t\t\t<div class=\"elementor-widget-container\">\n\t\t\t\t\t<h2 class=\"elementor-heading-title elementor-size-default\"><a href=\"https:\/\/yeni.dataanalist.com\/?page_id=27731\">Detayl\u0131 Bilgi<\/a><\/h2>\t\t\t\t<\/div>\n\t\t\t\t<\/div>\n\t\t\t\t\t<\/div>\n\t\t<\/div>\n\t\t\t\t\t<\/div>\n\t\t<\/section>\n\t\t\t\t<section class=\"elementor-section elementor-inner-section elementor-element elementor-element-2fc07fe2 elementor-section-content-middle elementor-reverse-mobile elementor-section-boxed elementor-section-height-default elementor-section-height-default\" data-id=\"2fc07fe2\" data-element_type=\"section\">\n\t\t\t\t\t\t<div class=\"elementor-container elementor-column-gap-no\">\n\t\t\t\t\t<div class=\"elementor-column elementor-col-50 elementor-inner-column elementor-element elementor-element-5d8aebdb\" data-id=\"5d8aebdb\" data-element_type=\"column\">\n\t\t\t<div class=\"elementor-widget-wrap elementor-element-populated\">\n\t\t\t\t\t\t<div class=\"elementor-element elementor-element-2b5b83d6 elementor-widget elementor-widget-heading\" data-id=\"2b5b83d6\" data-element_type=\"widget\" data-widget_type=\"heading.default\">\n\t\t\t\t<div class=\"elementor-widget-container\">\n\t\t\t\t\t<h2 class=\"elementor-heading-title elementor-size-default\">\u00dcretimden Veri Toplama<\/h2>\t\t\t\t<\/div>\n\t\t\t\t<\/div>\n\t\t\t\t<div class=\"elementor-element elementor-element-49ffbd29 elementor-widget elementor-widget-text-editor\" data-id=\"49ffbd29\" data-element_type=\"widget\" data-widget_type=\"text-editor.default\">\n\t\t\t\t<div class=\"elementor-widget-container\">\n\t\t\t\t\t\t\t\t\t<p>DataAnalist \u00dcretimden Veri Toplama Sistemi ile \u00fcretim sahas\u0131n\u0131 kontrol alt\u0131nda tutabilir, hangi makinelerin \u00e7al\u0131\u015ft\u0131\u011f\u0131n\u0131, hangi makinelerin durdu\u011funu anl\u0131k g\u00f6rebilir, hangi \u00fcr\u00fcn\u00fcn \u00fcretildi\u011fini, \u00fcretim parametrelerini ve de\u011ferlerini ger\u00e7ek zamanl\u0131 izleyebilirsiniz.<\/p>\t\t\t\t\t\t\t\t<\/div>\n\t\t\t\t<\/div>\n\t\t\t\t<div class=\"elementor-element elementor-element-ce84073 elementor-widget elementor-widget-heading\" data-id=\"ce84073\" data-element_type=\"widget\" data-widget_type=\"heading.default\">\n\t\t\t\t<div class=\"elementor-widget-container\">\n\t\t\t\t\t<h2 class=\"elementor-heading-title elementor-size-default\"><a href=\"https:\/\/yeni.dataanalist.com\/?page_id=27757\">Detayl\u0131 Bilgi<\/a><\/h2>\t\t\t\t<\/div>\n\t\t\t\t<\/div>\n\t\t\t\t\t<\/div>\n\t\t<\/div>\n\t\t\t\t<div class=\"elementor-column elementor-col-50 elementor-inner-column elementor-element elementor-element-47ec0cb1\" data-id=\"47ec0cb1\" data-element_type=\"column\">\n\t\t\t<div class=\"elementor-widget-wrap elementor-element-populated\">\n\t\t\t\t\t\t<div class=\"elementor-element elementor-element-6fba6713 elementor-widget elementor-widget-image\" data-id=\"6fba6713\" data-element_type=\"widget\" data-widget_type=\"image.default\">\n\t\t\t\t<div class=\"elementor-widget-container\">\n\t\t\t\t\t\t\t\t\t\t\t\t\t\t\t<img decoding=\"async\" width=\"768\" height=\"550\" src=\"https:\/\/yeni.dataanalist.com\/wp-content\/uploads\/2020\/12\/small_dreamstime-768x550.jpg\" class=\"attachment-medium_large size-medium_large wp-image-27836\" alt=\"\" srcset=\"https:\/\/yeni.dataanalist.com\/wp-content\/uploads\/2020\/12\/small_dreamstime-768x550.jpg 768w, https:\/\/yeni.dataanalist.com\/wp-content\/uploads\/2020\/12\/small_dreamstime-300x215.jpg 300w, https:\/\/yeni.dataanalist.com\/wp-content\/uploads\/2020\/12\/small_dreamstime.jpg 800w\" sizes=\"(max-width: 768px) 100vw, 768px\" \/>\t\t\t\t\t\t\t\t\t\t\t\t\t\t\t<\/div>\n\t\t\t\t<\/div>\n\t\t\t\t\t<\/div>\n\t\t<\/div>\n\t\t\t\t\t<\/div>\n\t\t<\/section>\n\t\t\t\t\t<\/div>\n\t\t<\/div>\n\t\t\t\t\t<\/div>\n\t\t<\/section>\n\t\t\t\t<section class=\"elementor-section elementor-top-section elementor-element elementor-element-5beeed9f elementor-section-content-middle elementor-section-stretched elementor-section-boxed elementor-section-height-default elementor-section-height-default\" data-id=\"5beeed9f\" data-element_type=\"section\" data-settings=\"{&quot;stretch_section&quot;:&quot;section-stretched&quot;,&quot;background_background&quot;:&quot;classic&quot;}\">\n\t\t\t\t\t\t<div class=\"elementor-container elementor-column-gap-no\">\n\t\t\t\t\t<div class=\"elementor-column elementor-col-100 elementor-top-column elementor-element elementor-element-58ab0889\" data-id=\"58ab0889\" data-element_type=\"column\">\n\t\t\t<div class=\"elementor-widget-wrap elementor-element-populated\">\n\t\t\t\t\t\t<div class=\"elementor-element elementor-element-5706a86e elementor-widget elementor-widget-heading\" data-id=\"5706a86e\" data-element_type=\"widget\" data-widget_type=\"heading.default\">\n\t\t\t\t<div class=\"elementor-widget-container\">\n\t\t\t\t\t<h4 class=\"elementor-heading-title elementor-size-default\">\u00dcr\u00fcn Sat\u0131\u015f Sayfas\u0131<\/h4>\t\t\t\t<\/div>\n\t\t\t\t<\/div>\n\t\t\t\t<div class=\"elementor-element elementor-element-3e602ebf elementor-widget elementor-widget-text-editor\" data-id=\"3e602ebf\" data-element_type=\"widget\" data-widget_type=\"text-editor.default\">\n\t\t\t\t<div class=\"elementor-widget-container\">\n\t\t\t\t\t\t\t\t\t<p>\u00dcr\u00fcnlerimiz ve sat\u0131\u015f fiyatlar\u0131 ile ilgili bilgileri bu linke t\u0131klayarak veya shop.dataanalist.com sayfam\u0131zdan g\u00f6rebilirsiniz.<\/p>\t\t\t\t\t\t\t\t<\/div>\n\t\t\t\t<\/div>\n\t\t\t\t<div class=\"elementor-element elementor-element-336395c5 elementor-align-center elementor-widget elementor-widget-button\" data-id=\"336395c5\" data-element_type=\"widget\" data-widget_type=\"button.default\">\n\t\t\t\t<div class=\"elementor-widget-container\">\n\t\t\t\t\t\t\t\t\t<div class=\"elementor-button-wrapper\">\n\t\t\t\t\t<a class=\"elementor-button elementor-button-link elementor-size-sm elementor-animation-grow\" href=\"http:\/\/shop.dataanalist.com\/\" target=\"_blank\">\n\t\t\t\t\t\t<span class=\"elementor-button-content-wrapper\">\n\t\t\t\t\t\t\t\t\t<span class=\"elementor-button-text\">\u00dcr\u00fcnleri \u0130ncele<\/span>\n\t\t\t\t\t<\/span>\n\t\t\t\t\t<\/a>\n\t\t\t\t<\/div>\n\t\t\t\t\t\t\t\t<\/div>\n\t\t\t\t<\/div>\n\t\t\t\t\t<\/div>\n\t\t<\/div>\n\t\t\t\t\t<\/div>\n\t\t<\/section>\n\t\t\t\t<section class=\"elementor-section elementor-top-section elementor-element elementor-element-7fe0940 elementor-section-boxed elementor-section-height-default elementor-section-height-default\" data-id=\"7fe0940\" data-element_type=\"section\">\n\t\t\t\t\t\t<div class=\"elementor-container elementor-column-gap-default\">\n\t\t\t\t\t<div class=\"elementor-column elementor-col-100 elementor-top-column elementor-element elementor-element-d21fb17\" data-id=\"d21fb17\" data-element_type=\"column\">\n\t\t\t<div class=\"elementor-widget-wrap\">\n\t\t\t\t\t\t\t<\/div>\n\t\t<\/div>\n\t\t\t\t\t<\/div>\n\t\t<\/section>\n\t\t\t\t<\/div>\n\t\t","protected":false},"excerpt":{"rendered":"<p>\u00dcr\u00fcnlerimiz Depo Y\u00f6netimi Depo y\u00f6netimi, malkabul ile sevkiyat aras\u0131nda ge\u00e7en b\u00fct\u00fcn i\u015flemlerin etkin ve verimli bir bi\u00e7imde yap\u0131lmas\u0131d\u0131r. Mal yerle\u015fimleri, raf\/g\u00f6z tan\u0131mlar\u0131 ve barkodlu takip mal ak\u0131\u015f\u0131ndaki temel unsurlard\u0131r. Verimli depo y\u00f6netimi, gerekli s\u00fcre\u00e7ler hakk\u0131nda eksiksiz bilgilere sahip olman\u0131n yan\u0131 s\u0131ra t\u00fcm sistemin teknik ve operasyonel olarak ba\u015far\u0131l\u0131 bir \u015fekilde uygulanmas\u0131n\u0131 i\u00e7eren ileri teknik bilgilere&hellip;<\/p>\n","protected":false},"author":2,"featured_media":0,"parent":0,"menu_order":0,"comment_status":"closed","ping_status":"closed","template":"","meta":{"footnotes":""},"class_list":["post-27494","page","type-page","status-publish","hentry"],"_links":{"self":[{"href":"https:\/\/yeni.dataanalist.com\/index.php?rest_route=\/wp\/v2\/pages\/27494","targetHints":{"allow":["GET"]}}],"collection":[{"href":"https:\/\/yeni.dataanalist.com\/index.php?rest_route=\/wp\/v2\/pages"}],"about":[{"href":"https:\/\/yeni.dataanalist.com\/index.php?rest_route=\/wp\/v2\/types\/page"}],"author":[{"embeddable":true,"href":"https:\/\/yeni.dataanalist.com\/index.php?rest_route=\/wp\/v2\/users\/2"}],"replies":[{"embeddable":true,"href":"https:\/\/yeni.dataanalist.com\/index.php?rest_route=%2Fwp%2Fv2%2Fcomments&post=27494"}],"version-history":[{"count":102,"href":"https:\/\/yeni.dataanalist.com\/index.php?rest_route=\/wp\/v2\/pages\/27494\/revisions"}],"predecessor-version":[{"id":28585,"href":"https:\/\/yeni.dataanalist.com\/index.php?rest_route=\/wp\/v2\/pages\/27494\/revisions\/28585"}],"wp:attachment":[{"href":"https:\/\/yeni.dataanalist.com\/index.php?rest_route=%2Fwp%2Fv2%2Fmedia&parent=27494"}],"curies":[{"name":"wp","href":"https:\/\/api.w.org\/{rel}","templated":true}]}}