{"id":27034,"date":"2016-11-14T16:30:30","date_gmt":"2016-11-14T16:30:30","guid":{"rendered":"https:\/\/the7.io\/classic-landing\/new-landing\/?page_id=2"},"modified":"2025-01-18T10:53:01","modified_gmt":"2025-01-18T07:53:01","slug":"landing","status":"publish","type":"page","link":"https:\/\/yeni.dataanalist.com\/","title":{"rendered":"DataAnalist"},"content":{"rendered":"<p>[vc_row][vc_column][vc_column_text]<img fetchpriority=\"high\" decoding=\"async\" src=\"https:\/\/yeni.dataanalist.com\/wp-content\/uploads\/2021\/01\/art001-landing.png\" sizes=\"(max-width: 710px) 100vw, 710px\" srcset=\"https:\/\/yeni.dataanalist.com\/wp-content\/uploads\/2021\/01\/art001-landing.png 710w, https:\/\/yeni.dataanalist.com\/wp-content\/uploads\/2021\/01\/art001-landing-300x203.png 300w\" alt=\"\" width=\"710\" height=\"481\"><\/p>\n<h2>Veri Toplama Sistemi<\/h2>\n<p>\u00dcretim alanlar\u0131ndaki verileri toplayan ve ERP sistemleri ile de entegre olarak \u00e7al\u0131\u015fan, \u00f6zel donan\u0131m ile yaz\u0131l\u0131mlardan olu\u015fan b\u00fct\u00fcnle\u015fik bir sistemdir. \u00dcretimin performans\u0131n\u0131n izlenmesi ve \u00f6l\u00e7\u00fclmesine y\u00f6nelik analizler toplanan verilerin de\u011ferlendirilmesi ile sa\u011flan\u0131r.<\/p>\n<h2>Depo Y\u00f6netim Sistemi<\/h2>\n<p>Depolama operasyonlar\u0131n\u0131n ka\u011f\u0131ts\u0131z, en k\u0131sa s\u00fcrede, en az insan ve makine-te\u00e7hizat kayna\u011f\u0131 ile hatas\u0131z tamamlanmas\u0131n\u0131 sa\u011flamak \u00fczere tasarlanm\u0131\u015f dinamik bir sistemdir. \u0130\u015fletme i\u00e7erisinde kullan\u0131lan di\u011fer ERP \u00e7\u00f6z\u00fcmleri ile entegre \u00e7al\u0131\u015farak veri b\u00fct\u00fcnl\u00fc\u011f\u00fcn\u00fc sa\u011flad\u0131\u011f\u0131 gibi tedarik zincirinizde yer alan firmalar ile sa\u011fl\u0131kl\u0131 veri al\u0131\u015fveri\u015fi yapman\u0131za imkan tan\u0131r.<\/p>\n<p><img decoding=\"async\" src=\"https:\/\/yeni.dataanalist.com\/wp-content\/uploads\/2021\/01\/art-landing-theme-options-tiny8.png\" sizes=\"(max-width: 780px) 100vw, 780px\" srcset=\"https:\/\/yeni.dataanalist.com\/wp-content\/uploads\/2021\/01\/art-landing-theme-options-tiny8.png 780w, https:\/\/yeni.dataanalist.com\/wp-content\/uploads\/2021\/01\/art-landing-theme-options-tiny8-300x182.png 300w, https:\/\/yeni.dataanalist.com\/wp-content\/uploads\/2021\/01\/art-landing-theme-options-tiny8-768x467.png 768w\" alt=\"\" width=\"780\" height=\"474\"><br \/>\n<img decoding=\"async\" src=\"https:\/\/yeni.dataanalist.com\/wp-content\/uploads\/2021\/01\/art-landing-wizard3.png\" sizes=\"(max-width: 780px) 100vw, 780px\" srcset=\"https:\/\/yeni.dataanalist.com\/wp-content\/uploads\/2021\/01\/art-landing-wizard3.png 780w, https:\/\/yeni.dataanalist.com\/wp-content\/uploads\/2021\/01\/art-landing-wizard3-300x219.png 300w, https:\/\/yeni.dataanalist.com\/wp-content\/uploads\/2021\/01\/art-landing-wizard3-768x561.png 768w\" alt=\"\" width=\"780\" height=\"570\"><\/p>\n<h2>Bili\u015fim Dan\u0131\u015fmanl\u0131\u011f\u0131 Hizmeti<\/h2>\n<p>BT sorunlar\u0131yla ilgili yard\u0131m veya tavsiye almak isteyen end\u00fcstriyel i\u015fletmelere stratejik rehberlik sunar ve onlarla ortakla\u015fa \u00e7al\u0131\u015f\u0131rlar. BT sistemleri \u00f6nerirler, tasarlay\u0131p planlarlar, se\u00e7erler, sat\u0131n alma deste\u011fi veririler, kurulumuna yard\u0131mc\u0131 olurlar ve e\u011fitimler verirler.<\/p>\n<h2>\u00d6zel Yaz\u0131l\u0131m Hizmeti<\/h2>\n<p>Kendi i\u015f s\u00fcre\u00e7lerinize,&nbsp; ihtiya\u00e7lar\u0131n\u0131za ve kullan\u0131m alanlar\u0131n\u0131za y\u00f6nelik olarak detayl\u0131 \u00e7al\u0131\u015fmalar sonras\u0131nda sizin i\u00e7in \u00f6zel geli\u015ftirdi\u011fi yaz\u0131l\u0131mlard\u0131r. Tasarlanmas\u0131, yaz\u0131lmas\u0131, deste\u011finin ve e\u011fitimlerinin verilmesi tamamen DataAnalist taraf\u0131ndan sa\u011flan\u0131r.<\/p>\n<p><img loading=\"lazy\" decoding=\"async\" src=\"https:\/\/yeni.dataanalist.com\/wp-content\/uploads\/2021\/01\/art-landing-theme-options-tiny7.png\" sizes=\"(max-width: 780px) 100vw, 780px\" srcset=\"https:\/\/yeni.dataanalist.com\/wp-content\/uploads\/2021\/01\/art-landing-theme-options-tiny7.png 780w, https:\/\/yeni.dataanalist.com\/wp-content\/uploads\/2021\/01\/art-landing-theme-options-tiny7-300x182.png 300w, https:\/\/yeni.dataanalist.com\/wp-content\/uploads\/2021\/01\/art-landing-theme-options-tiny7-768x467.png 768w\" alt=\"\" width=\"780\" height=\"474\"><\/p>\n<h3>DataAnalist i\u00e7in ne dediler?<\/h3>\n<p>Bizi tercih etti\u011finiz i\u00e7in as\u0131l biz te\u015fekk\u00fcr ederiz&#8230;<\/p>\n<p>Uzun y\u0131llar, veri toplama, \u00f6zel yaz\u0131l\u0131m, depo y\u00f6netimi gibi bir\u00e7ok i\u015fi DataAnalist ile birlikte tamamlad\u0131k. Y\u00f6nlendirici ve tamamlay\u0131c\u0131 \u00e7al\u0131\u015fmalar yapan hakim bir firma. Te\u015fekk\u00fcrler.<\/p>\n<h4>Aylin Varan<\/h4>\n<p><i>\ue934<\/i><i>\ue934<\/i><i>\ue934<\/i><i>\ue934<\/i><i>\ue934<\/i> 5\/5<\/p>\n<p>DataAnalist ile depo sistemi \u00fczerine ba\u015far\u0131l\u0131 bir \u00e7al\u0131\u015fma y\u00fcr\u00fcterek ERP sistemimiz ile de tam bir entegrasyon sa\u011flad\u0131k. Te\u015fekk\u00fcr ederiz.<\/p>\n<h2 style=\"font-family: var( --e-global-typography-primary-font-family ), Sans-serif;\" data-elementor-setting-key=\"title\" data-pen-placeholder=\"Type Here...\">Ertu\u011frul U\u011fur<\/h2>\n<p><i>\ue934<\/i><i>\ue934<\/i><i>\ue934<\/i><i>\ue934<\/i><i>\ue934<\/i> 5\/5<\/p>\n<p>Veri toplama, \u00f6zel yaz\u0131l\u0131m, depo y\u00f6netimi, entegrasyon gibi \u00f6nemli konularda birlikte \u00e7al\u0131\u015ft\u0131\u011f\u0131m\u0131z DataAnalist ile sat\u0131c\u0131 &#8211; m\u00fc\u015fteri ili\u015fkisinden fazla dostluk ili\u015fkisi i\u00e7erisinde projemizi y\u00fcr\u00fctt\u00fck. Yakla\u015f\u0131mlar\u0131ndan dolay\u0131 te\u015fekk\u00fcr eder, ba\u015far\u0131l\u0131 \u00e7al\u0131\u015fmalar dilerim.<\/p>\n<h2>Bar\u0131\u015f Kurt<\/h2>\n<p><i>\ue934<\/i><i>\ue934<\/i><i>\ue934<\/i><i>\ue934<\/i><i>\ue934<\/i> 5\/5<\/p>\n<p>DataAnalist ile kiosklarla veri toplama sistemi ve planlama konusunda uzun soluklu ve ba\u015far\u0131l\u0131 bir s\u00fcreci birlikte tamamlad\u0131k. Te\u015fekk\u00fcr ederiz.<\/p>\n<h2>Ertan Korkmaz<\/h2>\n<p><i>\ue934<\/i><i>\ue934<\/i><i>\ue934<\/i><i>\ue934<\/i><i>\ue934<\/i> 5\/5<\/p>\n<p>DataAnalist ile b\u00fct\u00e7e ve ERP-b\u00fct\u00e7e entegrasyonu konular\u0131nda ba\u015far\u0131l\u0131 \u00e7al\u0131\u015fmalar yapt\u0131k. Te\u015fekk\u00fcr ederim.<\/p>\n<h2>Cenk Ceyhan<\/h2>\n<p><i>\ue934<\/i><i>\ue934<\/i><i>\ue934<\/i><i>\ue934<\/i><i>\ue934<\/i> 5\/5<\/p>\n<h3>DataAnalist Bir Sunum Uza\u011f\u0131n\u0131zda<\/h3>\n<p>Aray\u0131n, DataAnalist sizin i\u00e7in yapabileceklerini gelip firman\u0131zda anlats\u0131n.<\/p>\n<p>+90 552 896 76 46<\/p>\n<p><a role=\"button\" href=\"https:\/\/wa.me\/905528967646\"><br \/>\nWhatsapp<br \/>\n<\/a>[\/vc_column_text][\/vc_column][\/vc_row][vc_row][vc_column][vc_column_text]24-27 EK\u0130M 2021 Tarihleri Aras\u0131nda \u00c7erkezk\u00f6y End\u00fcstriyel Fuar\u0131nday\u0131z, bekleriz&#8230;[\/vc_column_text][\/vc_column][\/vc_row]<\/p>\n","protected":false},"excerpt":{"rendered":"<p>[vc_row][vc_column][vc_column_text] Veri Toplama Sistemi \u00dcretim alanlar\u0131ndaki verileri toplayan ve ERP sistemleri ile de entegre olarak \u00e7al\u0131\u015fan, \u00f6zel donan\u0131m ile yaz\u0131l\u0131mlardan olu\u015fan b\u00fct\u00fcnle\u015fik bir sistemdir. \u00dcretimin performans\u0131n\u0131n izlenmesi ve \u00f6l\u00e7\u00fclmesine y\u00f6nelik analizler toplanan verilerin de\u011ferlendirilmesi ile sa\u011flan\u0131r. Depo Y\u00f6netim Sistemi Depolama operasyonlar\u0131n\u0131n ka\u011f\u0131ts\u0131z, en k\u0131sa s\u00fcrede, en az insan ve makine-te\u00e7hizat kayna\u011f\u0131 ile hatas\u0131z tamamlanmas\u0131n\u0131 sa\u011flamak&hellip;<\/p>\n","protected":false},"author":1,"featured_media":0,"parent":0,"menu_order":0,"comment_status":"closed","ping_status":"open","template":"","meta":{"footnotes":""},"class_list":["post-27034","page","type-page","status-publish","hentry","description-off"],"_links":{"self":[{"href":"https:\/\/yeni.dataanalist.com\/index.php?rest_route=\/wp\/v2\/pages\/27034","targetHints":{"allow":["GET"]}}],"collection":[{"href":"https:\/\/yeni.dataanalist.com\/index.php?rest_route=\/wp\/v2\/pages"}],"about":[{"href":"https:\/\/yeni.dataanalist.com\/index.php?rest_route=\/wp\/v2\/types\/page"}],"author":[{"embeddable":true,"href":"https:\/\/yeni.dataanalist.com\/index.php?rest_route=\/wp\/v2\/users\/1"}],"replies":[{"embeddable":true,"href":"https:\/\/yeni.dataanalist.com\/index.php?rest_route=%2Fwp%2Fv2%2Fcomments&post=27034"}],"version-history":[{"count":239,"href":"https:\/\/yeni.dataanalist.com\/index.php?rest_route=\/wp\/v2\/pages\/27034\/revisions"}],"predecessor-version":[{"id":29155,"href":"https:\/\/yeni.dataanalist.com\/index.php?rest_route=\/wp\/v2\/pages\/27034\/revisions\/29155"}],"wp:attachment":[{"href":"https:\/\/yeni.dataanalist.com\/index.php?rest_route=%2Fwp%2Fv2%2Fmedia&parent=27034"}],"curies":[{"name":"wp","href":"https:\/\/api.w.org\/{rel}","templated":true}]}}